{"id":1089,"date":"2021-04-08T15:10:36","date_gmt":"2021-04-08T13:10:36","guid":{"rendered":"https:\/\/ze-energy.com\/politique-de-confidentialite\/"},"modified":"2024-12-02T15:35:45","modified_gmt":"2024-12-02T14:35:45","slug":"datenschutzerklaerung","status":"publish","type":"page","link":"https:\/\/ze-energy.com\/de\/datenschutzerklaerung\/","title":{"rendered":"Datenschutzerkl\u00e4rung"},"content":{"rendered":"\r\n<h2 class=\"wp-block-heading\">Wer sind wir?<\/h2>\r\n\r\n\r\n\r\n<p>ZE ENERGY, eine vereinfachte Aktiengesellschaft mit einem Kapital von 510.599 Euro. <br \/>Der Hauptsitz befindet sich in der 5 rue de la Terrasse 75017 Paris und ist im Handels- und Gesellschaftsregister Paris unter der Nummer 852 197 763 eingetragen. <br \/>Umsatzsteuer-Identifikationsnummer: FR94 852 197 763. <br \/>Kontaktadresse: \u00a0<a href=\"mailto:contact@ze-energy.com\"><a href=\"mailto:con&#116;a&#099;&#116;&#064;&#122;&#101;-e&#110;&#101;r&#103;y&#046;com\">con&#116;a&#099;&#116;&#064;&#122;&#101;-e&#110;&#101;r&#103;y&#046;com<\/a><\/a><\/p>\r\n\r\n\r\n\r\n\r\n\r\n\r\n\r\n<h2 class=\"wp-block-heading\">Cookies<\/h2>\r\n\r\n\r\n\r\n\r\n\r\n<p>Wenn Sie die Anmeldeseite besuchen, wird ein tempor\u00e4rer Cookie gesetzt, um festzustellen, ob Ihr Browser Cookies akzeptiert. Er enth\u00e4lt keine pers\u00f6nlichen Daten und wird automatisch gel\u00f6scht, wenn Sie Ihren Browser schlie\u00dfen. Wenn Sie sich anmelden, werden mehrere Cookies gesetzt, um Ihre Anmeldeinformationen und Bildschirmeinstellungen zu speichern. Die Lebensdauer eines Verbindungscookies betr\u00e4gt zwei Tage, die eines Bildschirmoptionen-Cookies betr\u00e4gt ein Jahr. Wenn Sie &#8220;Angemeldet bleiben&#8221; ausw\u00e4hlen, wird Ihr Anmeldecookie f\u00fcr zwei Wochen gespeichert. Wenn Sie sich von Ihrem Konto abmelden, wird das Anmeldecookie gel\u00f6scht. Durch Bearbeiten oder Ver\u00f6ffentlichen einer Ver\u00f6ffentlichung wird ein zus\u00e4tzliches Cookie in Ihrem Browser gespeichert. Dieses Cookie enth\u00e4lt keine pers\u00f6nlichen Daten, sondern gibt lediglich die ID der Ver\u00f6ffentlichung an, die Sie gerade bearbeitet haben. Es l\u00e4uft nach einem Tag ab.<\/p>\r\n\r\n\r\n\r\n<h2 class=\"wp-block-heading\">Eingebettete Inhalte von anderen Websites<\/h2>\r\n\r\n\r\n\r\n<p>Die Seiten dieser Website k\u00f6nnen eingebettete Inhalte (z. B. Videos, Bilder, Artikel usw.) enthalten. Eingebetteter Inhalt von anderen Websites verh\u00e4lt sich genauso, als ob der Besucher diese andere Website besuchen w\u00fcrde. Websites k\u00f6nnen Daten \u00fcber Sie sammeln, Cookies verwenden, Tools von Drittanbietern einbetten und Ihre Interaktionen mit diesen eingebetteten Inhalten verfolgen, wenn Sie ein Konto auf ihrer Website haben.<\/p>\r\n\r\n\r\n\r\n<h2 class=\"wp-block-heading\">Kontaktformular<\/h2>\r\n<p>Die \u00fcber ein Kontaktformular gesammelten Informationen k\u00f6nnen in einer elektronischen Datei gespeichert werden, um es uns zu erm\u00f6glichen, Sie im Rahmen der kommerziellen Beziehung, die sich aus dieser Anfrage ergibt, erneut zu kontaktieren.<\/p>\r\n\r\n\r\n\r\n<h2 class=\"wp-block-heading\">Ihre Rechte bez\u00fcglich Ihrer Daten<\/h2>\r\n\r\n\r\n\r\n<p>Wenn Sie ein Konto haben oder Kommentare auf der Website hinterlassen haben, k\u00f6nnen Sie eine Datei anfordern, die alle pers\u00f6nlichen Daten enth\u00e4lt, die wir \u00fcber Sie gespeichert haben, einschlie\u00dflich der von Ihnen bereitgestellten Daten. Sie k\u00f6nnen auch die L\u00f6schung Ihrer pers\u00f6nlichen Daten beantragen. Dies ber\u00fccksichtigt jedoch nicht Daten, die aus administrativen, rechtlichen oder Sicherheitsgr\u00fcnden gespeichert sind.<\/p>\r\n\r\n\r\n\r\n<h2 class=\"wp-block-heading\">Statistiken und Publikumsbewertung<\/h2>\r\n<p>Google Analytics<\/p>\r\n<p>Diese Website verwendet Google Analytics, einen Webanalysedienst von Google Inc. (&#8220;Google&#8221;). Google Analytics verwendet &#8220;Cookies&#8221;, Textdateien, die auf Ihrem Computer gespeichert werden, um die Nutzung der Website durch Benutzer zu analysieren. Die durch den Cookie erzeugten Informationen \u00fcber Ihre Nutzung der Website werden an Google-Server in den USA \u00fcbertragen und dort gespeichert. Wenn die Funktion zur Anonymisierung von IP-Adressen auf dieser Website aktiviert ist, wird Ihre IP-Adresse von Google innerhalb der Europ\u00e4ischen Union und in anderen Mitgliedstaaten des Europ\u00e4ischen Wirtschaftsraums gek\u00fcrzt. Die vollst\u00e4ndige IP-Adresse kann an einen Google-Server in den USA \u00fcbertragen und dort gek\u00fcrzt werden. Die IP-Adressenanonymisierungsfunktion ist auf dieser Website aktiviert. Google wird diese Informationen verwenden, um Ihre Nutzung der Website zu bewerten, Berichte \u00fcber Online-Aktivit\u00e4ten f\u00fcr den Website-Betreiber zu erstellen und die mit der Nutzung dieser Website und des Internets verbundenen Dienstleistungen zu verbessern. Google wird Ihre IP-Adresse nicht mit anderen von Google gespeicherten Daten in Verbindung bringen. Sie k\u00f6nnen die Verwendung von Cookies durch entsprechende Einstellungen in Ihrem Browser deaktivieren. Eine solche Deaktivierung kann jedoch die Nutzung bestimmter Funktionen dieser Website verhindern. Dar\u00fcber hinaus k\u00f6nnen Sie die Erfassung der durch das Cookie erzeugten Daten \u00fcber Ihre Nutzung der Website (einschlie\u00dflich Ihrer IP-Adresse) und die Verarbeitung dieser Daten durch Google verhindern, indem Sie die verf\u00fcgbaren Suchmaschinenkonfigurationen herunterladen und installieren, indem Sie den folgenden Link aktivieren : http:\/\/tools.google.com\/dlpage\/gaoptout?hl=fr.<\/p>\r\n<h2>Weitere Informationen<\/h2>\r\n<h3>Wie wir Ihre Daten sch\u00fctzen<\/h3>\r\n<p>Permanente Aktualisierungen des CMS und Plugins <br \/>SSL-Protokoll (Secure Sockets Layer) <br \/>Computersicherung<\/p>\r\n","protected":false},"excerpt":{"rendered":"<p>Wer sind wir? ZE ENERGY, eine vereinfachte Aktiengesellschaft mit einem Kapital von 510.599 Euro. Der Hauptsitz befindet sich in der 5 rue de la Terrasse 75017 Paris und ist im Handels- und Gesellschaftsregister Paris unter der Nummer 852 197 763 eingetragen. Umsatzsteuer-Identifikationsnummer: FR94 852 197 763. Kontaktadresse: \u00a0 Cookies Wenn Sie die Anmeldeseite besuchen, wird [&hellip;]<\/p>\n","protected":false},"author":1,"featured_media":0,"parent":0,"menu_order":0,"comment_status":"closed","ping_status":"closed","template":"","meta":{"_acf_changed":false,"footnotes":""},"class_list":["post-1089","page","type-page","status-publish","hentry"],"acf":[],"_links":{"self":[{"href":"https:\/\/ze-energy.com\/de\/wp-json\/wp\/v2\/pages\/1089","targetHints":{"allow":["GET"]}}],"collection":[{"href":"https:\/\/ze-energy.com\/de\/wp-json\/wp\/v2\/pages"}],"about":[{"href":"https:\/\/ze-energy.com\/de\/wp-json\/wp\/v2\/types\/page"}],"author":[{"embeddable":true,"href":"https:\/\/ze-energy.com\/de\/wp-json\/wp\/v2\/users\/1"}],"replies":[{"embeddable":true,"href":"https:\/\/ze-energy.com\/de\/wp-json\/wp\/v2\/comments?post=1089"}],"version-history":[{"count":4,"href":"https:\/\/ze-energy.com\/de\/wp-json\/wp\/v2\/pages\/1089\/revisions"}],"predecessor-version":[{"id":1257,"href":"https:\/\/ze-energy.com\/de\/wp-json\/wp\/v2\/pages\/1089\/revisions\/1257"}],"wp:attachment":[{"href":"https:\/\/ze-energy.com\/de\/wp-json\/wp\/v2\/media?parent=1089"}],"curies":[{"name":"wp","href":"https:\/\/api.w.org\/{rel}","templated":true}]}}