{"id":858,"date":"2023-11-21T11:25:32","date_gmt":"2023-11-21T10:25:32","guid":{"rendered":"https:\/\/ze-energy.com\/?page_id=858"},"modified":"2023-12-01T15:16:43","modified_gmt":"2023-12-01T14:16:43","slug":"kontakt","status":"publish","type":"page","link":"https:\/\/ze-energy.com\/de\/kontakt\/","title":{"rendered":"Kontakt"},"content":{"rendered":"<p>Besitzen Sie ein Grundst\u00fcck (\u00fcber 5 Hektar), das Sie bestm\u00f6glich nutzen m\u00f6chten?<\/p>\n<p><span class=\"ui-provider ef bhd bdh bkd bke bkf bkg bkh bki bkj bkk bkl bkm bkn bko bkp bkq bkr bks bkt bku bkv bkw bkx bky bkz bla blb blc bld ble blf blg blh bli\" dir=\"ltr\">Entwickeln Sie eine Photovoltaik-Freifl\u00e4chenanlage und m\u00f6chten Sie eine Speicherl\u00f6sung pr\u00fcfen?<\/span><\/p>\n<p>M\u00f6chten Sie gr\u00fcnen Strom von einem unserer Hybridkraftwerke kaufen (Angebot derzeit auf Gro\u00dfverbraucher beschr\u00e4nkt)?<\/p>\n<p>M\u00f6chten Sie sich einem dynamischen Team anschlie\u00dfen, das dazu beitr\u00e4gt, eine sauberere und dezentralisierte Zukunft zu gestalten?<\/p>\n","protected":false},"excerpt":{"rendered":"<p>Besitzen Sie ein Grundst\u00fcck (\u00fcber 5 Hektar), das Sie bestm\u00f6glich nutzen m\u00f6chten? Entwickeln Sie eine Photovoltaik-Freifl\u00e4chenanlage und m\u00f6chten Sie eine Speicherl\u00f6sung pr\u00fcfen? M\u00f6chten Sie gr\u00fcnen Strom von einem unserer Hybridkraftwerke kaufen (Angebot derzeit auf Gro\u00dfverbraucher beschr\u00e4nkt)? M\u00f6chten Sie sich einem dynamischen Team anschlie\u00dfen, das dazu beitr\u00e4gt, eine sauberere und dezentralisierte Zukunft zu gestalten?<\/p>\n","protected":false},"author":1,"featured_media":0,"parent":0,"menu_order":0,"comment_status":"closed","ping_status":"closed","template":"page-contact.php","meta":{"_acf_changed":false,"footnotes":""},"class_list":["post-858","page","type-page","status-publish","hentry"],"acf":[],"_links":{"self":[{"href":"https:\/\/ze-energy.com\/de\/wp-json\/wp\/v2\/pages\/858","targetHints":{"allow":["GET"]}}],"collection":[{"href":"https:\/\/ze-energy.com\/de\/wp-json\/wp\/v2\/pages"}],"about":[{"href":"https:\/\/ze-energy.com\/de\/wp-json\/wp\/v2\/types\/page"}],"author":[{"embeddable":true,"href":"https:\/\/ze-energy.com\/de\/wp-json\/wp\/v2\/users\/1"}],"replies":[{"embeddable":true,"href":"https:\/\/ze-energy.com\/de\/wp-json\/wp\/v2\/comments?post=858"}],"version-history":[{"count":3,"href":"https:\/\/ze-energy.com\/de\/wp-json\/wp\/v2\/pages\/858\/revisions"}],"predecessor-version":[{"id":1138,"href":"https:\/\/ze-energy.com\/de\/wp-json\/wp\/v2\/pages\/858\/revisions\/1138"}],"wp:attachment":[{"href":"https:\/\/ze-energy.com\/de\/wp-json\/wp\/v2\/media?parent=858"}],"curies":[{"name":"wp","href":"https:\/\/api.w.org\/{rel}","templated":true}]}}