{"id":1090,"date":"2021-04-08T15:10:36","date_gmt":"2021-04-08T13:10:36","guid":{"rendered":"https:\/\/ze-energy.com\/politique-de-confidentialite\/"},"modified":"2024-12-02T15:36:28","modified_gmt":"2024-12-02T14:36:28","slug":"informativa-sulla-privacy","status":"publish","type":"page","link":"https:\/\/ze-energy.com\/it\/informativa-sulla-privacy\/","title":{"rendered":"Informativa sulla Privacy"},"content":{"rendered":"\r\n<h2 class=\"wp-block-heading\">Chi siamo?<\/h2>\r\n\r\n\r\n\r\n<p>ZE ENERGY, societ\u00e0 per azioni semplificata, con un capitale di 510.599 euro. <br \/>La sede legale \u00e8 situata al 5 rue de la Terrasse 75017 Parigi, <br \/>registrata presso il registro delle imprese di Parigi con il numero 852 197 763, <br \/>numero di partita IVA comunitaria: FR94 852 197 763. <br \/>Indirizzo di contatto : <a href=\"mailto:contact@ze-energy.com\"><a href=\"mailto:cont&#097;&#099;&#116;&#064;&#122;e&#045;e&#110;er&#103;y&#046;&#099;om\">cont&#097;&#099;&#116;&#064;&#122;e&#045;e&#110;er&#103;y&#046;&#099;om<\/a><\/a><\/p>\r\n\r\n\r\n\r\n\r\n\r\n\r\n\r\n<h2 class=\"wp-block-heading\">Cookies<\/h2>\r\n\r\n\r\n\r\n\r\n\r\n<p>Se si accede alla pagina di accesso, verr\u00e0 impostato un cookie temporaneo per determinare se il tuo browser accetta i cookie. Non contiene dati personali e verr\u00e0 eliminato automaticamente quando chiudi il tuo browser. Quando effettui l&#8217;accesso, verranno impostati diversi cookie per memorizzare le tue informazioni di accesso e le preferenze dello schermo. La durata di un cookie di connessione \u00e8 di due giorni, quella di un cookie di opzione dello schermo \u00e8 di un anno. Se selezioni &#8220;Ricordami&#8221;, il tuo cookie di accesso verr\u00e0 conservato per due settimane. Se effettui il logout dal tuo account, il cookie di accesso verr\u00e0 eliminato. Modificando o pubblicando una pubblicazione, verr\u00e0 memorizzato un cookie aggiuntivo nel tuo browser. Questo cookie non contiene dati personali, ma indica semplicemente l&#8217;ID della pubblicazione appena modificata. Scade dopo un giorno.<\/p>\r\n\r\n\r\n\r\n<h2 class=\"wp-block-heading\">Contenuti incorporati da altri siti<\/h2>\r\n\r\n\r\n\r\n<p>Le pagine di questo sito possono includere contenuti incorporati (ad esempio video, immagini, articoli, ecc.). I contenuti incorporati da altri siti si comportano allo stesso modo come se il visitatore stesse visitando quel sito. I siti web possono raccogliere dati su di te, utilizzare cookie, incorporare strumenti di tracciamento di terze parti e monitorare le tue interazioni con questi contenuti incorporati se hai un account sul loro sito.<\/p>\r\n\r\n\r\n\r\n<h2 class=\"wp-block-heading\">Modulo di contatto<\/h2>\r\n<p>Le informazioni raccolte tramite un modulo di contatto possono essere registrate in un file informatizzato per consentirci di ricontattarti nel contesto del rapporto commerciale derivante da questa richiesta.<\/p>\r\n\r\n\r\n\r\n<h2 class=\"wp-block-heading\">I tuoi diritti sui tuoi dati<\/h2>\r\n\r\n\r\n\r\n<p>Se hai un account o hai lasciato commenti sul sito, puoi richiedere di ricevere un file contenente tutti i dati personali che abbiamo su di te, compresi quelli che ci hai fornito. Puoi anche richiedere la cancellazione dei tuoi dati personali. Questo non tiene conto dei dati conservati per scopi amministrativi, legali o di sicurezza.<\/p>\r\n\r\n\r\n\r\n<h2 class=\"wp-block-heading\">Statistiche e misurazione dell&#8217;audience<\/h2>\r\n<p>Google Analytics<\/p>\r\n<p>Google Analytics Questo sito web utilizza Google Analytics, un servizio di analisi web fornito da Google Inc. (&#8220;Google&#8221;). Google Analytics utilizza &#8220;cookie&#8221;, file di testo memorizzati sul tuo computer, per aiutare il sito web a analizzare come gli utenti utilizzano il sito. Le informazioni generate dal cookie sull&#8217;utilizzo del sito web verranno trasmesse a e memorizzate nei server di Google negli Stati Uniti. Se la funzione di anonimizzazione degli indirizzi IP \u00e8 attivata su questo sito web, il tuo indirizzo IP sar\u00e0 abbreviato da Google all&#8217;interno dell&#8217;Unione Europea e in altri stati membri dello Spazio Economico Europeo. L&#8217;indirizzo IP completo potrebbe essere trasmesso a un server di Google negli Stati Uniti e abbreviato l\u00ec. La funzione di anonimizzazione dell&#8217;indirizzo IP \u00e8 attivata su questo sito web. Google utilizzer\u00e0 queste informazioni allo scopo di valutare il tuo utilizzo del sito web, compilare rapporti sulle attivit\u00e0 online per l&#8217;operatore del sito web e migliorare i servizi correlati all&#8217;uso di questo sito web e di Internet. Google non assocer\u00e0 il tuo indirizzo IP a nessun altro dato posseduto da Google. Puoi disabilitare l&#8217;uso dei cookie selezionando le impostazioni appropriate nel tuo browser. Tuttavia, tale disattivazione potrebbe impedire l&#8217;utilizzo di alcune funzionalit\u00e0 di questo sito. Inoltre, puoi impedire la raccolta dei dati generati dal cookie sull&#8217;utilizzo del sito web (compreso il tuo indirizzo IP) e il trattamento di tali dati da parte di Google scaricando e installando il modulo aggiuntivo del browser disponibile al seguente link: http:\/\/tools.google.com\/dlpage\/gaoptout?hl=fr.<\/p>\r\n<h2>Ulteriori informazioni<\/h2>\r\n<h3>Come proteggiamo i tuoi dati<\/h3>\r\n<p>Aggiornamenti permanenti del CMS e dei plugin <br \/>Protocollo SSL (Secure Sockets Layer) <br \/>Backup del computer<\/p>\r\n","protected":false},"excerpt":{"rendered":"<p>Chi siamo? ZE ENERGY, societ\u00e0 per azioni semplificata, con un capitale di 510.599 euro. La sede legale \u00e8 situata al 5 rue de la Terrasse 75017 Parigi, registrata presso il registro delle imprese di Parigi con il numero 852 197 763, numero di partita IVA comunitaria: FR94 852 197 763. Indirizzo di contatto : Cookies [&hellip;]<\/p>\n","protected":false},"author":1,"featured_media":0,"parent":0,"menu_order":0,"comment_status":"closed","ping_status":"closed","template":"","meta":{"_acf_changed":false,"footnotes":""},"class_list":["post-1090","page","type-page","status-publish","hentry"],"acf":[],"_links":{"self":[{"href":"https:\/\/ze-energy.com\/it\/wp-json\/wp\/v2\/pages\/1090","targetHints":{"allow":["GET"]}}],"collection":[{"href":"https:\/\/ze-energy.com\/it\/wp-json\/wp\/v2\/pages"}],"about":[{"href":"https:\/\/ze-energy.com\/it\/wp-json\/wp\/v2\/types\/page"}],"author":[{"embeddable":true,"href":"https:\/\/ze-energy.com\/it\/wp-json\/wp\/v2\/users\/1"}],"replies":[{"embeddable":true,"href":"https:\/\/ze-energy.com\/it\/wp-json\/wp\/v2\/comments?post=1090"}],"version-history":[{"count":3,"href":"https:\/\/ze-energy.com\/it\/wp-json\/wp\/v2\/pages\/1090\/revisions"}],"predecessor-version":[{"id":1259,"href":"https:\/\/ze-energy.com\/it\/wp-json\/wp\/v2\/pages\/1090\/revisions\/1259"}],"wp:attachment":[{"href":"https:\/\/ze-energy.com\/it\/wp-json\/wp\/v2\/media?parent=1090"}],"curies":[{"name":"wp","href":"https:\/\/api.w.org\/{rel}","templated":true}]}}